{"id":93,"date":"2023-03-22T09:26:51","date_gmt":"2023-03-22T12:26:51","guid":{"rendered":"http:\/\/autovivo.pt\/?page_id=93"},"modified":"2023-06-30T10:30:08","modified_gmt":"2023-06-30T09:30:08","slug":"contactos","status":"publish","type":"page","link":"https:\/\/autovivo.pt\/en\/contactos\/","title":{"rendered":"Contactos &#8211; Autovivo Servi\u00e7o premium de guarda de carros de cole\u00e7\u00e3o"},"content":{"rendered":"","protected":false},"excerpt":{"rendered":"","protected":false},"author":1,"featured_media":0,"parent":0,"menu_order":0,"comment_status":"closed","ping_status":"closed","template":"","meta":{"footnotes":""},"class_list":["post-93","page","type-page","status-publish","hentry"],"acf":[],"_links":{"self":[{"href":"https:\/\/autovivo.pt\/en\/wp-json\/wp\/v2\/pages\/93","targetHints":{"allow":["GET"]}}],"collection":[{"href":"https:\/\/autovivo.pt\/en\/wp-json\/wp\/v2\/pages"}],"about":[{"href":"https:\/\/autovivo.pt\/en\/wp-json\/wp\/v2\/types\/page"}],"author":[{"embeddable":true,"href":"https:\/\/autovivo.pt\/en\/wp-json\/wp\/v2\/users\/1"}],"replies":[{"embeddable":true,"href":"https:\/\/autovivo.pt\/en\/wp-json\/wp\/v2\/comments?post=93"}],"version-history":[{"count":6,"href":"https:\/\/autovivo.pt\/en\/wp-json\/wp\/v2\/pages\/93\/revisions"}],"predecessor-version":[{"id":425,"href":"https:\/\/autovivo.pt\/en\/wp-json\/wp\/v2\/pages\/93\/revisions\/425"}],"wp:attachment":[{"href":"https:\/\/autovivo.pt\/en\/wp-json\/wp\/v2\/media?parent=93"}],"curies":[{"name":"wp","href":"https:\/\/api.w.org\/{rel}","templated":true}]}}